{"id":108,"date":"2016-10-09T11:21:56","date_gmt":"2016-10-09T09:21:56","guid":{"rendered":"http:\/\/www.kosmo-schule.at\/site\/?page_id=108"},"modified":"2023-07-04T14:33:00","modified_gmt":"2023-07-04T12:33:00","slug":"die-kosmo-schule-mit-sachspenden-zu-unterstuetzen","status":"publish","type":"page","link":"https:\/\/www.kosmo-schule.at\/site\/intressiert\/die-kosmo-schule-mit-sachspenden-zu-unterstuetzen\/","title":{"rendered":"Unterst\u00fctzung der KOSMO Montessori-Schule"},"content":{"rendered":"<p><img loading=\"lazy\" decoding=\"async\" class=\"alignnone wp-image-1071 size-large alignright\" src=\"https:\/\/www.kosmo-schule.at\/site\/wp-content\/uploads\/2023\/07\/KOMO__424-1024x683.jpg\" alt=\"\" width=\"550\" height=\"367\" srcset=\"https:\/\/www.kosmo-schule.at\/site\/wp-content\/uploads\/2023\/07\/KOMO__424-1024x683.jpg 1024w, https:\/\/www.kosmo-schule.at\/site\/wp-content\/uploads\/2023\/07\/KOMO__424-300x200.jpg 300w, https:\/\/www.kosmo-schule.at\/site\/wp-content\/uploads\/2023\/07\/KOMO__424-768x512.jpg 768w, https:\/\/www.kosmo-schule.at\/site\/wp-content\/uploads\/2023\/07\/KOMO__424-1536x1024.jpg 1536w, https:\/\/www.kosmo-schule.at\/site\/wp-content\/uploads\/2023\/07\/KOMO__424-2048x1365.jpg 2048w\" sizes=\"auto, (max-width: 550px) 100vw, 550px\" \/><\/p>\n<p>Der Aufbau einer Schule mit Organisationsstatut (&#8222;Privatschule&#8220;) ist mit gro\u00dfem finanziellem Aufwand verbunden. Wir sind dankbar f\u00fcr jede Unterst\u00fctzung &#8211; egal ob finanziell oder in Form von Sachspenden!<\/p>\n<p>Wenn auch Sie unsere Schule unters\u00fctzen wollen, so bitten wir Sie um Kontaktaufnahme unter <a href=\"mailto:info@kosmo-schule.at\">info@kosmo-schule.at<\/a>!<\/p>\n<p>Gerne k\u00f6nnen Sie uns Ihre Spende auch direkt bzw. auf Wunsch auch anonym \u00fcberweisen:<\/p>\n<p><strong>Bankverbindung<\/strong>: RB H\u00f6rsching-Thening, IBAN: AT20 3427 6000 0194 2796<\/p>\n","protected":false},"excerpt":{"rendered":"<p>Der Aufbau einer Schule mit Organisationsstatut (&#8222;Privatschule&#8220;) ist mit gro\u00dfem finanziellem Aufwand verbunden. Wir sind dankbar f\u00fcr jede Unterst\u00fctzung &#8211; egal ob finanziell oder in Form von Sachspenden! Wenn auch Sie unsere Schule unters\u00fctzen wollen, so bitten wir Sie um <a href=\"https:\/\/www.kosmo-schule.at\/site\/intressiert\/die-kosmo-schule-mit-sachspenden-zu-unterstuetzen\/\"><\/p>\n<div class=\"read-more\">\n<p>Read more &#8250;<\/p>\n<\/div>\n<p><!-- end of .read-more --><\/a><\/p>\n","protected":false},"author":2,"featured_media":0,"parent":12,"menu_order":2,"comment_status":"closed","ping_status":"closed","template":"","meta":{"footnotes":""},"class_list":["post-108","page","type-page","status-publish","hentry"],"_links":{"self":[{"href":"https:\/\/www.kosmo-schule.at\/site\/wp-json\/wp\/v2\/pages\/108","targetHints":{"allow":["GET"]}}],"collection":[{"href":"https:\/\/www.kosmo-schule.at\/site\/wp-json\/wp\/v2\/pages"}],"about":[{"href":"https:\/\/www.kosmo-schule.at\/site\/wp-json\/wp\/v2\/types\/page"}],"author":[{"embeddable":true,"href":"https:\/\/www.kosmo-schule.at\/site\/wp-json\/wp\/v2\/users\/2"}],"replies":[{"embeddable":true,"href":"https:\/\/www.kosmo-schule.at\/site\/wp-json\/wp\/v2\/comments?post=108"}],"version-history":[{"count":10,"href":"https:\/\/www.kosmo-schule.at\/site\/wp-json\/wp\/v2\/pages\/108\/revisions"}],"predecessor-version":[{"id":1099,"href":"https:\/\/www.kosmo-schule.at\/site\/wp-json\/wp\/v2\/pages\/108\/revisions\/1099"}],"up":[{"embeddable":true,"href":"https:\/\/www.kosmo-schule.at\/site\/wp-json\/wp\/v2\/pages\/12"}],"wp:attachment":[{"href":"https:\/\/www.kosmo-schule.at\/site\/wp-json\/wp\/v2\/media?parent=108"}],"curies":[{"name":"wp","href":"https:\/\/api.w.org\/{rel}","templated":true}]}}