{"id":96,"date":"2016-10-09T11:17:40","date_gmt":"2016-10-09T09:17:40","guid":{"rendered":"http:\/\/www.kosmo-schule.at\/site\/?page_id=96"},"modified":"2025-08-22T11:29:13","modified_gmt":"2025-08-22T09:29:13","slug":"going-out-und-coming-in","status":"publish","type":"page","link":"https:\/\/www.kosmo-schule.at\/site\/montessori-paedagogik\/going-out-und-coming-in\/","title":{"rendered":"Going out und Coming in"},"content":{"rendered":"<p><img loading=\"lazy\" decoding=\"async\" class=\"alignright size-large wp-image-727\" src=\"https:\/\/www.kosmo-schule.at\/site\/wp-content\/uploads\/2019\/12\/IMG_4474-1024x768.jpg\" alt=\"\" width=\"550\" height=\"413\" srcset=\"https:\/\/www.kosmo-schule.at\/site\/wp-content\/uploads\/2019\/12\/IMG_4474-1024x768.jpg 1024w, https:\/\/www.kosmo-schule.at\/site\/wp-content\/uploads\/2019\/12\/IMG_4474-300x225.jpg 300w, https:\/\/www.kosmo-schule.at\/site\/wp-content\/uploads\/2019\/12\/IMG_4474-768x576.jpg 768w, https:\/\/www.kosmo-schule.at\/site\/wp-content\/uploads\/2019\/12\/IMG_4474.jpg 2016w\" sizes=\"auto, (max-width: 550px) 100vw, 550px\" \/>Die Begrenzung des Materials in der Schule \u2013 auch was B\u00fccher betrifft \u2013 sorgt in der KOSMO Montessori Schule daf\u00fcr, dass Kinder aus der Schule hinausgehen m\u00fcssen, um Experten zu treffen oder in gr\u00f6\u00dferen Bibliotheken oder anderen Forschungseinrichtungen Antworten auf ihre oft sehr detaillierten Fragen zu erhalten. Dieses \u201eHinausgehen\u201c aus der Schule wird sehr begr\u00fc\u00dft. Die Kinder lernen im Laufe der Zeit, diese Going outs selbstst\u00e4ndig zu organisieren.<\/p>\n<p>So lernen die Kinder, Ausfl\u00fcge zu planen, telefonische Absprachen zu treffen, mit Geld umzugehen etc. Begleitet werden die Kinder bei den Going outs von achtsamen Erwachsenen, die jedoch nur im absoluten Notfall \u2013 also wenn sich die Kinder in gro\u00dfe Gefahr bringen \u2013 eingreifen. Ein Beispiel soll dies verdeutlichen: Bleiben die Kinder beispielsweise eine Station zu lang im Bus sitzen, ist dies noch kein Grund f\u00fcr den begleitenden Erwachsenen, einzugreifen. Vielmehr geht es darum, die Kinder &#8211; mit so viel Begleitung wie n\u00f6tig &#8211; selbstst\u00e4ndig ihren Weg finden lernen zu lassen.<\/p>\n<p>Alternativ k\u00f6nnen Expert:innen in die Schule eingeladen werden. Auch dieses \u201eComing in\u201c wird von den Kindern selbstst\u00e4ndig organisiert. Dies inkludiert die Suche und die Kontaktierung von Expert:innen ebenso wie die Planung und Organisation deren Besuchs in der Schule. Auch die Information \u00fcber den Besuch externer Expert:innen an die anderen Sch\u00fclerinnen und Sch\u00fcler muss organisiert werden.<\/p>\n","protected":false},"excerpt":{"rendered":"<p>Die Begrenzung des Materials in der Schule \u2013 auch was B\u00fccher betrifft \u2013 sorgt in der KOSMO Montessori Schule daf\u00fcr, dass Kinder aus der Schule hinausgehen m\u00fcssen, um Experten zu treffen oder in gr\u00f6\u00dferen Bibliotheken oder anderen Forschungseinrichtungen Antworten auf <a href=\"https:\/\/www.kosmo-schule.at\/site\/montessori-paedagogik\/going-out-und-coming-in\/\"><\/p>\n<div class=\"read-more\">\n<p>Read more &#8250;<\/p>\n<\/div>\n<p><!-- end of .read-more --><\/a><\/p>\n","protected":false},"author":2,"featured_media":0,"parent":8,"menu_order":5,"comment_status":"closed","ping_status":"closed","template":"","meta":{"footnotes":""},"class_list":["post-96","page","type-page","status-publish","hentry"],"_links":{"self":[{"href":"https:\/\/www.kosmo-schule.at\/site\/wp-json\/wp\/v2\/pages\/96","targetHints":{"allow":["GET"]}}],"collection":[{"href":"https:\/\/www.kosmo-schule.at\/site\/wp-json\/wp\/v2\/pages"}],"about":[{"href":"https:\/\/www.kosmo-schule.at\/site\/wp-json\/wp\/v2\/types\/page"}],"author":[{"embeddable":true,"href":"https:\/\/www.kosmo-schule.at\/site\/wp-json\/wp\/v2\/users\/2"}],"replies":[{"embeddable":true,"href":"https:\/\/www.kosmo-schule.at\/site\/wp-json\/wp\/v2\/comments?post=96"}],"version-history":[{"count":8,"href":"https:\/\/www.kosmo-schule.at\/site\/wp-json\/wp\/v2\/pages\/96\/revisions"}],"predecessor-version":[{"id":1218,"href":"https:\/\/www.kosmo-schule.at\/site\/wp-json\/wp\/v2\/pages\/96\/revisions\/1218"}],"up":[{"embeddable":true,"href":"https:\/\/www.kosmo-schule.at\/site\/wp-json\/wp\/v2\/pages\/8"}],"wp:attachment":[{"href":"https:\/\/www.kosmo-schule.at\/site\/wp-json\/wp\/v2\/media?parent=96"}],"curies":[{"name":"wp","href":"https:\/\/api.w.org\/{rel}","templated":true}]}}